{"id":203,"date":"2022-10-22T22:45:01","date_gmt":"2022-10-22T19:45:01","guid":{"rendered":"http:\/\/demo.woothemes.com\/woocommerce\/?post_type=product&#038;p=70"},"modified":"2022-10-23T00:45:27","modified_gmt":"2022-10-22T21:45:27","slug":"mondol-premium","status":"publish","type":"product","link":"https:\/\/mondolcharcoal.com\/tr\/urun\/mondol-premium\/","title":{"rendered":"Mondol Premium"},"content":{"rendered":"<p style=\"text-align: justify;\">K\u00fcba (Marabu) Bio Briket K\u00f6m\u00fcr\u00fc, ithal K\u00fcba ve Tropikal b\u00f6lgelerde yeti\u015fen sert ve y\u00fcksek kalorili MARABU a\u011fac\u0131n\u0131n odun k\u00f6m\u00fcr\u00fcn\u00fcn y\u00fcksek bas\u0131n\u00e7 alt\u0131nda s\u0131k\u0131\u015ft\u0131r\u0131lmas\u0131yla \u00fcretilir. Hammaddesi biyolojik oldu\u011fu i\u00e7in yanarken zehirli gazlar salmaz. Zehirli gazlar etinize temas etmedi\u011fi i\u00e7in kanserojen riski yoktur. , duman ve koku yapmaz. \u0130\u00e7 mekanlarda rahatl\u0131kla kullan\u0131labilir. D\u0131\u015f mekan barbek\u00fclerinde \u0131s\u0131nma ama\u00e7l\u0131 kullan\u0131labilir. Herhangi bir kimyasal i\u00e7ermez. 4-5 saat ve \u00fczeri yanma s\u00fcresi, 3-4 saat etkili pi\u015firme s\u00fcresi vard\u0131r. Y\u00fcksek kaloriye sahiptir. Karbon i\u00e7eri\u011fi y\u00fcksektir. K\u00fcl oran\u0131 'tir.<\/p>","protected":false},"excerpt":{"rendered":"<p>Type: Pressed Charcoal Weight: 10 Kg. Packaging: Double Sided Kraft High &#8230; <\/p>","protected":false},"featured_media":817,"comment_status":"closed","ping_status":"closed","template":"","meta":[],"product_brand":[],"product_cat":[15],"product_tag":[],"class_list":{"0":"post-203","1":"product","2":"type-product","3":"status-publish","4":"has-post-thumbnail","6":"product_cat-genel","8":"first","9":"instock","10":"shipping-taxable","11":"product-type-external"},"_links":{"self":[{"href":"https:\/\/mondolcharcoal.com\/tr\/wp-json\/wp\/v2\/product\/203","targetHints":{"allow":["GET"]}}],"collection":[{"href":"https:\/\/mondolcharcoal.com\/tr\/wp-json\/wp\/v2\/product"}],"about":[{"href":"https:\/\/mondolcharcoal.com\/tr\/wp-json\/wp\/v2\/types\/product"}],"replies":[{"embeddable":true,"href":"https:\/\/mondolcharcoal.com\/tr\/wp-json\/wp\/v2\/comments?post=203"}],"wp:featuredmedia":[{"embeddable":true,"href":"https:\/\/mondolcharcoal.com\/tr\/wp-json\/wp\/v2\/media\/817"}],"wp:attachment":[{"href":"https:\/\/mondolcharcoal.com\/tr\/wp-json\/wp\/v2\/media?parent=203"}],"wp:term":[{"taxonomy":"product_brand","embeddable":true,"href":"https:\/\/mondolcharcoal.com\/tr\/wp-json\/wp\/v2\/product_brand?post=203"},{"taxonomy":"product_cat","embeddable":true,"href":"https:\/\/mondolcharcoal.com\/tr\/wp-json\/wp\/v2\/product_cat?post=203"},{"taxonomy":"product_tag","embeddable":true,"href":"https:\/\/mondolcharcoal.com\/tr\/wp-json\/wp\/v2\/product_tag?post=203"}],"curies":[{"name":"wp","href":"https:\/\/api.w.org\/{rel}","templated":true}]}}