{"id":864,"date":"2023-11-29T22:56:54","date_gmt":"2023-11-29T19:56:54","guid":{"rendered":"https:\/\/mondolcharcoal.com\/products-compare\/"},"modified":"2023-11-29T22:56:54","modified_gmt":"2023-11-29T19:56:54","slug":"products-compare","status":"publish","type":"page","link":"https:\/\/mondolcharcoal.com\/tr\/products-compare\/","title":{"rendered":"Products Compare"},"content":{"rendered":"<div class=\"woocommerce xtra-compare xtra-icon-loading\" data-empty=\"Kar\u015f\u0131la\u015ft\u0131rma listeniz bo\u015f.\" data-nonce=\"23ef695a50\"><\/div>","protected":false},"excerpt":{"rendered":"","protected":false},"author":1,"featured_media":0,"parent":0,"menu_order":0,"comment_status":"closed","ping_status":"closed","template":"","meta":{"footnotes":""},"class_list":["post-864","page","type-page","status-publish","hentry"],"_links":{"self":[{"href":"https:\/\/mondolcharcoal.com\/tr\/wp-json\/wp\/v2\/pages\/864","targetHints":{"allow":["GET"]}}],"collection":[{"href":"https:\/\/mondolcharcoal.com\/tr\/wp-json\/wp\/v2\/pages"}],"about":[{"href":"https:\/\/mondolcharcoal.com\/tr\/wp-json\/wp\/v2\/types\/page"}],"author":[{"embeddable":true,"href":"https:\/\/mondolcharcoal.com\/tr\/wp-json\/wp\/v2\/users\/1"}],"replies":[{"embeddable":true,"href":"https:\/\/mondolcharcoal.com\/tr\/wp-json\/wp\/v2\/comments?post=864"}],"version-history":[{"count":0,"href":"https:\/\/mondolcharcoal.com\/tr\/wp-json\/wp\/v2\/pages\/864\/revisions"}],"wp:attachment":[{"href":"https:\/\/mondolcharcoal.com\/tr\/wp-json\/wp\/v2\/media?parent=864"}],"curies":[{"name":"wp","href":"https:\/\/api.w.org\/{rel}","templated":true}]}}