{"id":626,"date":"2018-04-02T07:51:40","date_gmt":"2018-04-02T07:51:40","guid":{"rendered":"http:\/\/xtratheme.com\/single-shop\/?page_id=626"},"modified":"2018-04-02T07:51:40","modified_gmt":"2018-04-02T07:51:40","slug":"footer-shop-icon","status":"publish","type":"page","link":"https:\/\/mondolcharcoal.com\/tr\/footer-shop-icon\/","title":{"rendered":"Footer Shop Icon"},"content":{"rendered":"<div class=\"wpb-content-wrapper\"><div class=\"vc_row wpb_row vc_row-fluid\"><div class=\"wpb_column vc_column_container vc_col-sm-12\"><div class=\"vc_column-inner\"><div class=\"wpb_wrapper\"><div class=\"woocommerce columns-1\"><ul class=\"products columns-1\">\n<li class=\"product type-product post-820 status-publish first instock product_cat-genel has-post-thumbnail shipping-taxable product-type-external cz_image cz_image_simple_fade\">\n\t<a href=\"https:\/\/mondolcharcoal.com\/tr\/urun\/mondol-comfort\/\" class=\"woocommerce-LoopProduct-link woocommerce-loop-product__link\"><div class=\"xtra-product-thumbnail\"><div class=\"xtra-product-icons xtra-product-icons-center cz_tooltip_up\" data-id=\"820\"><i class=\"fa fa-heart-o xtra-add-to-wishlist\" data-title=\"Favorilere ekle\"><\/i><i class=\"fa czico-146-search-4 xtra-product-quick-view\" data-title=\"H\u0131zl\u0131 g\u00f6r\u00fcnt\u00fcle\" data-nonce=\"c0d13a2b99\"><\/i><\/div><div class=\"cz_image_in\"><div class=\"cz_main_image\"><img decoding=\"async\" width=\"600\" height=\"600\" src=\"https:\/\/mondolcharcoal.com\/wp-content\/uploads\/2022\/10\/Mondol-Comfort-scaled-600x600.jpg\" class=\"attachment-woocommerce_thumbnail size-woocommerce_thumbnail\" alt=\"Mondol Comfort\" srcset=\"https:\/\/mondolcharcoal.com\/wp-content\/uploads\/2022\/10\/Mondol-Comfort-600x600.jpg 600w, https:\/\/mondolcharcoal.com\/wp-content\/uploads\/2022\/10\/Mondol-Comfort-scaled-100x100.jpg 100w, https:\/\/mondolcharcoal.com\/wp-content\/uploads\/2022\/10\/Mondol-Comfort-150x150.jpg 150w\" sizes=\"auto, (max-width: 600px) 100vw, 600px\" loading=\"lazy\" \/><\/div><div class=\"cz_hover_image\"><img decoding=\"async\" width=\"600\" height=\"600\" src=\"https:\/\/mondolcharcoal.com\/wp-content\/uploads\/2022\/10\/Mondol-Comfort-scaled-600x600.jpg\" class=\"attachment-woocommerce_thumbnail\" alt=\"Mondol Comfort\" title=\"Mondol-Comfort\" srcset=\"https:\/\/mondolcharcoal.com\/wp-content\/uploads\/2022\/10\/Mondol-Comfort-600x600.jpg 600w, https:\/\/mondolcharcoal.com\/wp-content\/uploads\/2022\/10\/Mondol-Comfort-scaled-100x100.jpg 100w, https:\/\/mondolcharcoal.com\/wp-content\/uploads\/2022\/10\/Mondol-Comfort-150x150.jpg 150w\" sizes=\"auto, (max-width: 600px) 100vw, 600px\" loading=\"lazy\" \/><\/div><\/div><\/div><h2 class=\"woocommerce-loop-product__title\">Mondol Comfort<\/h2>\n<\/a><a href=\"\" aria-describedby=\"woocommerce_loop_add_to_cart_link_describedby_820\" data-quantity=\"1\" class=\"button product_type_external\" data-product_id=\"820\" data-product_sku=\"\" aria-label=\"\u201cMondol Comfort\u201d \u00fcr\u00fcn\u00fcn\u00fc sat\u0131n al\" rel=\"nofollow\" data-no-translation=\"\" data-trp-gettext=\"\" data-no-translation-aria-label=\"\">\u00dcr\u00fcn sat\u0131n al<\/a>\t<span id=\"woocommerce_loop_add_to_cart_link_describedby_820\" class=\"screen-reader-text\">\n\t\t\t<\/span>\n<\/li>\n<\/ul>\n<div id=\"cz_xtra_quick_view\" class=\"cz_xtra_quick_view\"><div id=\"xtra_quick_view\" class=\"cz_popup_modal clr\"><div class=\"cz_popup_in\"><div><\/div><i class=\"fa czico-198-cancel cz_close_popup\"><\/i><\/div><div class=\"cz_overlay\"><\/div><\/div><\/div><div id=\"cz_xtra_wish_compare\" class=\"cz_xtra_wish_compare\"><div id=\"xtra_wish_compare\" class=\"cz_popup_modal clr\"><div class=\"cz_popup_in\"><div><i class=\"fa fa-check\"><\/i><h3>...<\/h3><span>\u00dcr\u00fcn listenize eklendi.<\/span><a href=\"#\" class=\"button\"><span><strong><\/strong><i class=\"fas fa-chevron-right\"><\/i><\/span><\/a><\/div><i class=\"fa czico-198-cancel cz_close_popup\"><\/i><\/div><div class=\"cz_overlay\"><\/div><\/div><\/div><\/div><\/div><\/div><\/div><\/div>\n<\/div>","protected":false},"excerpt":{"rendered":"Mondol Comfort \u00dcr\u00fcn sat\u0131n al ...\u00dcr\u00fcn listenize eklendi.","protected":false},"author":1,"featured_media":0,"parent":0,"menu_order":0,"comment_status":"closed","ping_status":"closed","template":"","meta":{"footnotes":""},"class_list":["post-626","page","type-page","status-publish","hentry"],"_links":{"self":[{"href":"https:\/\/mondolcharcoal.com\/tr\/wp-json\/wp\/v2\/pages\/626","targetHints":{"allow":["GET"]}}],"collection":[{"href":"https:\/\/mondolcharcoal.com\/tr\/wp-json\/wp\/v2\/pages"}],"about":[{"href":"https:\/\/mondolcharcoal.com\/tr\/wp-json\/wp\/v2\/types\/page"}],"author":[{"embeddable":true,"href":"https:\/\/mondolcharcoal.com\/tr\/wp-json\/wp\/v2\/users\/1"}],"replies":[{"embeddable":true,"href":"https:\/\/mondolcharcoal.com\/tr\/wp-json\/wp\/v2\/comments?post=626"}],"version-history":[{"count":0,"href":"https:\/\/mondolcharcoal.com\/tr\/wp-json\/wp\/v2\/pages\/626\/revisions"}],"wp:attachment":[{"href":"https:\/\/mondolcharcoal.com\/tr\/wp-json\/wp\/v2\/media?parent=626"}],"curies":[{"name":"wp","href":"https:\/\/api.w.org\/{rel}","templated":true}]}}