{"id":25,"date":"2017-06-10T08:34:22","date_gmt":"2017-06-10T08:34:22","guid":{"rendered":"http:\/\/xtratheme.comfast-food\/?page_id=13"},"modified":"2022-10-22T13:49:52","modified_gmt":"2022-10-22T10:49:52","slug":"faq","status":"publish","type":"page","link":"https:\/\/mondolcharcoal.com\/tr\/faq\/","title":{"rendered":"Bilgi"},"content":{"rendered":"<div class=\"wpb-content-wrapper\"><div class=\"vc_row wpb_row vc_row-fluid\"><div class=\"wpb_column vc_column_container vc_col-sm-12\"><div class=\"vc_column-inner\"><div class=\"wpb_wrapper\"><div class=\"cz_gap clr\" style=\"height: 20px\"><\/div><div id=\"cz_59149\" class=\"cz_59149 cz_title clr cz_title_ba_line cz_title_pos_inline tac\"><div class=\"cz_title_content\"><div class=\"cz_wpe_content\"><h3 style=\"text-align: center;\"><span style=\"font-size: 36px;\"><strong>Sormak istedi\u011finiz bir \u015fey var m\u0131?<\/strong><\/span><\/h3>\n<\/div><div class=\"cz_title_line cz_line_after_title\"><span>_<\/span><\/div><\/div><\/div><div class=\"cz_gap clr\" style=\"height: 50px\"><\/div>\n\t<div class=\"wpb_text_column wpb_content_element\" >\n\t\t<div class=\"wpb_wrapper\">\n\t\t\t<p style=\"text-align: center;\">L\u00fctfen a\u015fa\u011f\u0131daki sorular\u0131 okuyunuz ve e\u011fer cevab\u0131n\u0131z\u0131 bulam\u0131yorsan\u0131z, l\u00fctfen sorunuzu bize iletin, size en k\u0131sa s\u00fcrede cevap verece\u011fiz.<\/p>\n\n\t\t<\/div>\n\t<\/div>\n<div class=\"cz_gap clr\" style=\"height: 50px\"><\/div><\/div><\/div><\/div><\/div><div class=\"vc_row wpb_row vc_row-fluid vc_custom_1497126171788 vc_row-has-fill\"><div class=\"wpb_column vc_column_container vc_col-sm-8\"><div class=\"vc_column-inner\"><div class=\"wpb_wrapper\"><div id=\"cz_95928\" class=\"cz_95928 cz_title clr cz_title_has_icon cz_title_pos_inline\"><div class=\"cz_title_content\"><i class=\"cz_title_icon_before fa fa-question-circle-o\"><\/i><div class=\"cz_wpe_content\"><h4>S\u0131k Sorullan Sorular<\/h4>\n<\/div><\/div><\/div><div id=\"cz_51385\" data-arrows='{\"open\":\"fa fa-chevron-circle-down\",\"close\":\"fa fa-chevron-circle-up\"}' class=\"cz_51385 cz_acc clr cz_acc_first_open\"><div><div id=\"cz_20603\"><span class=\"cz_acc_child\"><div>Konteyner Yerle\u015fim Diyagramlar\u0131 20 \u201d<\/div><\/span><div class=\"cz_acc_child_content clr\">\n\t<div class=\"wpb_text_column wpb_content_element\" >\n\t\t<div class=\"wpb_wrapper\">\n\t\t\t<p style=\"text-align: justify;\">5 Kg'l\u0131k Paletsiz Koli 20 cc'lik bir Konteynere konuldu\u011funda tahmini yerle\u015fim d\u00fczeni, a\u011f\u0131rl\u0131\u011f\u0131 ve tahmini koli miktar\u0131 yandaki \u00e7izelgedeki gibidir. Bu de\u011ferler, HQ veya di\u011fer spesifikasyonlara g\u00f6re +-%5 oran\u0131nda de\u011fi\u015febilir.<\/p>\n<p style=\"text-align: justify;\">10 Kg'l\u0131k Paletsiz Koli 20 cc'lik bir Konteynere konuldu\u011funda tahmini yerle\u015fim d\u00fczeni, a\u011f\u0131rl\u0131\u011f\u0131 ve tahmini koli miktar\u0131 yandaki \u00e7izelgedeki gibidir. Bu de\u011ferler, HQ veya di\u011fer spesifikasyonlara g\u00f6re +-%5 oran\u0131nda de\u011fi\u015febilir.<\/p>\n\n\t\t<\/div>\n\t<\/div>\n<\/div><\/div><div id=\"cz_45331\"><span class=\"cz_acc_child\"><div>Konteyner Yerle\u015fim Diyagramlar\u0131 40 \u201d<\/div><\/span><div class=\"cz_acc_child_content clr\">\n\t<div class=\"wpb_text_column wpb_content_element\" >\n\t\t<div class=\"wpb_wrapper\">\n\t\t\t<p style=\"text-align: justify;\">40 DC Konteyner i\u00e7erisine Paletsiz 5 Kg'l\u0131k bir Karton konuldu\u011funda, tahmini yerle\u015fim, a\u011f\u0131rl\u0131k ve tahmini koli miktar\u0131 yandaki diyagramda g\u00f6r\u00fcld\u00fc\u011f\u00fc gibidir. Bu de\u011ferler, HQ veya di\u011fer spesifikasyonlara g\u00f6re +-%5 oran\u0131nda de\u011fi\u015febilir.<\/p>\n<p style=\"text-align: justify;\">40 DC Konteyner i\u00e7erisine 10 Kg Paletsiz Karton konuldu\u011funda tahmini yerle\u015fim \u015femas\u0131, a\u011f\u0131rl\u0131\u011f\u0131, tahmini koli adedi sa\u011fdaki \u015femada g\u00f6r\u00fcld\u00fc\u011f\u00fc gibidir. Bu de\u011ferler, HQ veya di\u011fer spesifikasyonlara g\u00f6re +-%5 oran\u0131nda de\u011fi\u015febilir.<\/p>\n\n\t\t<\/div>\n\t<\/div>\n<\/div><\/div><\/div><\/div><div class=\"cz_gap clr\" style=\"height: 50px\"><\/div><div id=\"cz_70656\" class=\"cz_70656 cz_title clr cz_title_has_icon cz_title_pos_inline\"><div class=\"cz_title_content\"><i class=\"cz_title_icon_before fa fa-question-circle-o\"><\/i><div class=\"cz_wpe_content\"><h4>Di\u011fer Sorular<\/h4>\n<\/div><\/div><\/div><div id=\"cz_47929\" data-arrows='{\"open\":\"fa fa-chevron-circle-down\",\"close\":\"fa fa-chevron-circle-up\"}' class=\"cz_47929 cz_acc clr\"><div><div id=\"cz_17501\"><span class=\"cz_acc_child\"><div>K\u00f6m\u00fcr GTIP G\u00fcmr\u00fck Kodu<\/div><\/span><div class=\"cz_acc_child_content clr\">\n\t<div class=\"wpb_text_column wpb_content_element\" >\n\t\t<div class=\"wpb_wrapper\">\n\t\t\t<p>K\u00f6m\u00fcr GTIP G\u00fcmr\u00fck Kodu, GTIP Kodu: 4402 \u2013 Odun k\u00f6m\u00fcr\u00fc (kabuklar\u0131n veya kabuklu yemi\u015flerin kabuklar\u0131ndan yap\u0131lan k\u00f6m\u00fcr dahil) (aglomere edilmi\u015f olsun veya olmas\u0131n)<\/p>\n\n\t\t<\/div>\n\t<\/div>\n<\/div><\/div><div id=\"cz_105932\"><span class=\"cz_acc_child\"><div>K\u00f6m\u00fcr Tehlikeli Madde Durumundad\u0131r.<\/div><\/span><div class=\"cz_acc_child_content clr\">\n\t<div class=\"wpb_text_column wpb_content_element\" >\n\t\t<div class=\"wpb_wrapper\">\n\t\t\t<p>Barbek\u00fc ve nargile k\u00f6m\u00fcr\u00fc ihracat i\u00e7in tehlikeli madde stat\u00fcs\u00fcndedir. Bu nedenle ta\u015f\u0131ma s\u0131ras\u0131nda ta\u015f\u0131ma prosed\u00fcrlerine uyulmal\u0131d\u0131r.<\/p>\n<p>Barbek\u00fc ve Nargile K\u00f6m\u00fcr\u00fc Tehlikeli Maddeler kategorisinde S\u0131n\u0131f 4.2 Kendili\u011finden Yanan Kat\u0131lar kategorisinde yer almaktad\u0131r. Bio Briket k\u00f6m\u00fcrlerinin t\u00fcm ambalajlar\u0131nda tehlikeli madde logosu ve nakliyesi i\u00e7in gerekli olan MSDS belgesi bulunmaktad\u0131r.<\/p>\n<p>SINIF 4.2<br \/>\nKEND\u0130NDEN SAKMA KATILAR<br \/>\n(KEND\u0130NDEN YANICIDIR): \u00c7ok iyi havaland\u0131r\u0131lan yerlerde istiflenmeli, bacalar hava sirk\u00fclasyonu sa\u011flayacak \u015fekilde olu\u015fturulmal\u0131d\u0131r.<br \/>\nBu s\u0131n\u0131fa dahil olan maddeler:<br \/>\nBal\u0131k Unu, Kuru Ot, K\u00f6m\u00fcr vb.<\/p>\n\n\t\t<\/div>\n\t<\/div>\n<\/div><\/div><\/div><\/div><div class=\"cz_gap clr\" style=\"height: 35px\"><\/div><\/div><\/div><\/div><div class=\"wpb_column vc_column_container vc_col-sm-4\"><div class=\"vc_column-inner\"><div class=\"wpb_wrapper\"><div id=\"cz_16422\" class=\"cz_16422 cz_title clr cz_title_has_icon cz_title_pos_inline\"><div class=\"cz_title_content\"><i class=\"cz_title_icon_before fa czico-006-speech-bubble-with-text-lines\"><\/i><div class=\"cz_wpe_content\"><h4>Bize sor<\/h4>\n<\/div><\/div><\/div><div id=\"cz_46212\" class=\"cz_46212 cz_cf7 clr\"><div>\n<div class=\"wpcf7 no-js\" id=\"wpcf7-f506-o1\" lang=\"en-US\" dir=\"ltr\" data-wpcf7-id=\"506\">\n<div class=\"screen-reader-response\"><p role=\"status\" aria-live=\"polite\" aria-atomic=\"true\"><\/p> <ul><\/ul><\/div>\n<form action=\"\/tr\/wp-json\/wp\/v2\/pages\/25#wpcf7-f506-o1\" method=\"post\" class=\"wpcf7-form init\" aria-label=\"Contact form\" novalidate=\"novalidate\" data-status=\"init\" data-trp-original-action=\"\/tr\/wp-json\/wp\/v2\/pages\/25#wpcf7-f506-o1\">\n<fieldset class=\"hidden-fields-container\"><input type=\"hidden\" name=\"_wpcf7\" value=\"506\" \/><input type=\"hidden\" name=\"_wpcf7_version\" value=\"6.1.5\" \/><input type=\"hidden\" name=\"_wpcf7_locale\" value=\"en_US\" \/><input type=\"hidden\" name=\"_wpcf7_unit_tag\" value=\"wpcf7-f506-o1\" \/><input type=\"hidden\" name=\"_wpcf7_container_post\" value=\"0\" \/><input type=\"hidden\" name=\"_wpcf7_posted_data_hash\" value=\"\" \/>\n<\/fieldset>\n<p><label> \u0130sim Soyisim (*) <\/label><br \/>\n<span class=\"wpcf7-form-control-wrap\" data-name=\"your-name\"><input size=\"40\" maxlength=\"400\" class=\"wpcf7-form-control wpcf7-text wpcf7-validates-as-required\" aria-required=\"true\" aria-invalid=\"false\" value=\"\" type=\"text\" name=\"your-name\" \/><\/span>\n<\/p>\n<p><label> E-mail (*) <\/label><br \/>\n<span class=\"wpcf7-form-control-wrap\" data-name=\"your-email\"><input size=\"40\" maxlength=\"400\" class=\"wpcf7-form-control wpcf7-email wpcf7-validates-as-required wpcf7-text wpcf7-validates-as-email\" aria-required=\"true\" aria-invalid=\"false\" value=\"\" type=\"email\" name=\"your-email\" \/><\/span>\n<\/p>\n<p><label> Konu <\/label><br \/>\n<span class=\"wpcf7-form-control-wrap\" data-name=\"your-subject\"><input size=\"40\" maxlength=\"400\" class=\"wpcf7-form-control wpcf7-text\" aria-invalid=\"false\" value=\"\" type=\"text\" name=\"your-subject\" \/><\/span>\n<\/p>\n<p><label> Depertman<\/label><br \/>\n<span class=\"wpcf7-form-control-wrap\" data-name=\"menu-178\"><select class=\"wpcf7-form-control wpcf7-select\" aria-invalid=\"false\" name=\"menu-178\"><option value=\"Business Department\">Business Department<\/option><option value=\"Personal Department\">Personal Department<\/option><option value=\"Support Department\">Support Department<\/option><option value=\"Others\">Others<\/option><\/select><\/span>\n<\/p>\n<p><label> Sorunuz <\/label><br \/>\n<span class=\"wpcf7-form-control-wrap\" data-name=\"your-message\"><textarea cols=\"40\" rows=\"10\" maxlength=\"2000\" class=\"wpcf7-form-control wpcf7-textarea\" aria-invalid=\"false\" name=\"your-message\"><\/textarea><\/span>\n<\/p>\n<p><input class=\"wpcf7-form-control wpcf7-submit has-spinner\" type=\"submit\" value=\"G\u00f6nder\" \/>\n<\/p><div class=\"wpcf7-response-output\" aria-hidden=\"true\"><\/div>\n<input type=\"hidden\" name=\"trp-form-language\" value=\"tr\"\/><\/form>\n<\/div>\n<\/div><\/div><\/div><\/div><\/div><\/div>\n<\/div>","protected":false},"excerpt":{"rendered":"Do you have any Questions? _ Please read questions bellow and if you can not find your answer, please send","protected":false},"author":1,"featured_media":0,"parent":0,"menu_order":0,"comment_status":"closed","ping_status":"closed","template":"","meta":{"footnotes":""},"class_list":["post-25","page","type-page","status-publish","hentry"],"_links":{"self":[{"href":"https:\/\/mondolcharcoal.com\/tr\/wp-json\/wp\/v2\/pages\/25","targetHints":{"allow":["GET"]}}],"collection":[{"href":"https:\/\/mondolcharcoal.com\/tr\/wp-json\/wp\/v2\/pages"}],"about":[{"href":"https:\/\/mondolcharcoal.com\/tr\/wp-json\/wp\/v2\/types\/page"}],"author":[{"embeddable":true,"href":"https:\/\/mondolcharcoal.com\/tr\/wp-json\/wp\/v2\/users\/1"}],"replies":[{"embeddable":true,"href":"https:\/\/mondolcharcoal.com\/tr\/wp-json\/wp\/v2\/comments?post=25"}],"version-history":[{"count":0,"href":"https:\/\/mondolcharcoal.com\/tr\/wp-json\/wp\/v2\/pages\/25\/revisions"}],"wp:attachment":[{"href":"https:\/\/mondolcharcoal.com\/tr\/wp-json\/wp\/v2\/media?parent=25"}],"curies":[{"name":"wp","href":"https:\/\/api.w.org\/{rel}","templated":true}]}}